{"id":900,"date":"2022-11-19T15:16:26","date_gmt":"2022-11-19T15:16:26","guid":{"rendered":"https:\/\/malobolliet.com\/biographie\/"},"modified":"2024-08-28T14:03:43","modified_gmt":"2024-08-28T14:03:43","slug":"biographie","status":"publish","type":"page","link":"https:\/\/malobolliet.com\/fr\/biographie\/","title":{"rendered":"Biographie"},"content":{"rendered":"<style>.kb-row-layout-id430_77bd8a-05 > .kt-row-column-wrap{align-content:start;}:where(.kb-row-layout-id430_77bd8a-05 > .kt-row-column-wrap) > .wp-block-kadence-column{justify-content:start;}.kb-row-layout-id430_77bd8a-05 > .kt-row-column-wrap{column-gap:var(--global-kb-gap-md, 2rem);row-gap:var(--global-kb-gap-md, 2rem);max-width:var( --global-content-width, 1290px );padding-left:var(--global-content-edge-padding);padding-right:var(--global-content-edge-padding);padding-top:160px;padding-bottom:25px;min-height:100vh;grid-template-columns:minmax(0, calc(65% - ((var(--global-kb-gap-md, 2rem) * 1 )\/2)))minmax(0, calc(35% - ((var(--global-kb-gap-md, 2rem) * 1 )\/2)));}.kb-row-layout-id430_77bd8a-05 > .kt-row-layout-overlay{opacity:0.30;}@media all and (max-width: 1024px){.kb-row-layout-id430_77bd8a-05 > .kt-row-column-wrap{grid-template-columns:repeat(2, minmax(0, 1fr));}}@media all and (max-width: 767px){.kb-row-layout-id430_77bd8a-05 > .kt-row-column-wrap{grid-template-columns:minmax(0, 1fr);}}<\/style><div class=\"kb-row-layout-wrap kb-row-layout-id430_77bd8a-05 alignfull wp-block-kadence-rowlayout\"><div class=\"kt-row-column-wrap kt-has-2-columns kt-row-layout-equal kt-tab-layout-inherit kt-mobile-layout-row kt-row-valign-top kb-theme-content-width\">\n<style>.kadence-column430_f9068e-29 > .kt-inside-inner-col,.kadence-column430_f9068e-29 > .kt-inside-inner-col:before{border-top-left-radius:0px;border-top-right-radius:0px;border-bottom-right-radius:0px;border-bottom-left-radius:0px;}.kadence-column430_f9068e-29 > .kt-inside-inner-col{column-gap:var(--global-kb-gap-sm, 1rem);}.kadence-column430_f9068e-29 > .kt-inside-inner-col{flex-direction:column;}.kadence-column430_f9068e-29 > .kt-inside-inner-col > .aligncenter{width:100%;}.kadence-column430_f9068e-29 > .kt-inside-inner-col:before{opacity:0.3;}.kadence-column430_f9068e-29{position:relative;}@media all and (max-width: 1024px){.kadence-column430_f9068e-29 > .kt-inside-inner-col{flex-direction:column;justify-content:center;}}@media all and (max-width: 767px){.kadence-column430_f9068e-29 > .kt-inside-inner-col{flex-direction:column;justify-content:center;}}<\/style>\n<div class=\"wp-block-kadence-column kadence-column430_f9068e-29 inner-column-1\"><div class=\"kt-inside-inner-col\"><style>.wp-block-kadence-advancedheading.kt-adv-heading430_7f52ed-3c, .wp-block-kadence-advancedheading.kt-adv-heading430_7f52ed-3c[data-kb-block=\"kb-adv-heading430_7f52ed-3c\"]{padding-bottom:20px;text-align:center;font-size:50px;line-height:52px;font-style:normal;}.wp-block-kadence-advancedheading.kt-adv-heading430_7f52ed-3c mark.kt-highlight, .wp-block-kadence-advancedheading.kt-adv-heading430_7f52ed-3c[data-kb-block=\"kb-adv-heading430_7f52ed-3c\"] mark.kt-highlight{font-style:normal;color:#f76a0c;-webkit-box-decoration-break:clone;box-decoration-break:clone;padding-top:0px;padding-right:0px;padding-bottom:0px;padding-left:0px;}.wp-block-kadence-advancedheading.kt-adv-heading430_7f52ed-3c img.kb-inline-image, .wp-block-kadence-advancedheading.kt-adv-heading430_7f52ed-3c[data-kb-block=\"kb-adv-heading430_7f52ed-3c\"] img.kb-inline-image{width:150px;vertical-align:baseline;}<\/style>\n<h1 class=\"kt-adv-heading430_7f52ed-3c wp-block-kadence-advancedheading\" data-kb-block=\"kb-adv-heading430_7f52ed-3c\">Biographie<\/h1>\n\n\n<style>.wp-block-kadence-advancedheading.kt-adv-heading430_eecff9-72, .wp-block-kadence-advancedheading.kt-adv-heading430_eecff9-72[data-kb-block=\"kb-adv-heading430_eecff9-72\"]{font-style:normal;}.wp-block-kadence-advancedheading.kt-adv-heading430_eecff9-72 mark.kt-highlight, .wp-block-kadence-advancedheading.kt-adv-heading430_eecff9-72[data-kb-block=\"kb-adv-heading430_eecff9-72\"] mark.kt-highlight{font-style:normal;color:#f76a0c;-webkit-box-decoration-break:clone;box-decoration-break:clone;padding-top:0px;padding-right:0px;padding-bottom:0px;padding-left:0px;}.wp-block-kadence-advancedheading.kt-adv-heading430_eecff9-72 img.kb-inline-image, .wp-block-kadence-advancedheading.kt-adv-heading430_eecff9-72[data-kb-block=\"kb-adv-heading430_eecff9-72\"] img.kb-inline-image{width:150px;vertical-align:baseline;}<\/style>\n<p class=\"kt-adv-heading430_eecff9-72 wp-block-kadence-advancedheading\" data-kb-block=\"kb-adv-heading430_eecff9-72\">Je m&rsquo;appelle Malo Bolliet, j&rsquo;ai 21 ans et je suis actuellement \u00e9tudiant \u00e0 l&rsquo;EM Lyon, une \u00e9cole de commerce prestigieuse. Originaire de la r\u00e9gion lyonnaise, je suis passionn\u00e9 par le sport automobile depuis mon plus jeune \u00e2ge.<br\/><br\/>Je pratique le karting depuis 5 ans, comme un hobby au d\u00e9but, mais je suis rapidement pass\u00e9 \u00e0 la comp\u00e9tition. Apr\u00e8s de nombreux bons r\u00e9sultats au niveau r\u00e9gional, je suis pass\u00e9 \u00e0 la sc\u00e8ne nationale et internationale d\u00e8s ma deuxi\u00e8me ann\u00e9e en comp\u00e9tition. <br\/><br\/>Je d\u00e9die ma vie au sport automobile, passant plus de la moiti\u00e9 de l&rsquo;ann\u00e9e sur les circuits. Je donne 200% de ma vie quotidienne, que ce soit sur la piste ou en dehors, pour transformer cette passion en profession et devenir pilote de monoplaces, d&rsquo;endurance ou de GT. En 2024, je fais une transition vers une nouvelle cat\u00e9gorie en karting (KZ2 &#8211; kart \u00e0 vitesses), qui est beaucoup plus exigeante physiquement, et je commencerai \u00e9galement les tests en Formule 4 dans le cadre de ma pr\u00e9paration pour la course automobile. Mon objectif ultime est de devenir pilote professionnel, et je ne renoncerai pas tant que je n&rsquo;aurai pas r\u00e9alis\u00e9 ce r\u00eave !    <br\/><br\/>Pour ma transition vers la voiture, je suis coach\u00e9 par Soheil Ayari, un pilote et coach reconnu dans le monde du sport automobile. Soheil Ayari a effectu\u00e9 des tests en Formule 1 et est un multiple champion en endurance et GT. Il m&rsquo;accompagne et me guide dans ma carri\u00e8re en sport automobile, me pr\u00e9parant pour les d\u00e9fis \u00e0 venir et m&rsquo;aidant \u00e0 atteindre mes objectifs en course automobile.  <br\/><\/p>\n\n\n<style>.wp-block-kadence-advancedheading.kt-adv-heading430_17d90e-53, .wp-block-kadence-advancedheading.kt-adv-heading430_17d90e-53[data-kb-block=\"kb-adv-heading430_17d90e-53\"]{text-align:center;font-size:32px;line-height:34px;font-style:normal;}.wp-block-kadence-advancedheading.kt-adv-heading430_17d90e-53 mark.kt-highlight, .wp-block-kadence-advancedheading.kt-adv-heading430_17d90e-53[data-kb-block=\"kb-adv-heading430_17d90e-53\"] mark.kt-highlight{font-style:normal;color:#f76a0c;-webkit-box-decoration-break:clone;box-decoration-break:clone;padding-top:0px;padding-right:0px;padding-bottom:0px;padding-left:0px;}.wp-block-kadence-advancedheading.kt-adv-heading430_17d90e-53 img.kb-inline-image, .wp-block-kadence-advancedheading.kt-adv-heading430_17d90e-53[data-kb-block=\"kb-adv-heading430_17d90e-53\"] img.kb-inline-image{width:150px;vertical-align:baseline;}<\/style>\n<h2 class=\"kt-adv-heading430_17d90e-53 wp-block-kadence-advancedheading\" data-kb-block=\"kb-adv-heading430_17d90e-53\">Voulez-vous m&rsquo;aider \u00e0 atteindre mon objectif ?<\/h2>\n\n\n<style>.wp-block-kadence-spacer.kt-block-spacer-430_81c708-1d .kt-block-spacer{height:20px;}.wp-block-kadence-spacer.kt-block-spacer-430_81c708-1d .kt-divider{border-top-width:1px;height:1px;border-top-color:var(--global-palette7, #EDF2F7);width:40%;border-top-style:solid;}<\/style>\n<div class=\"wp-block-kadence-spacer aligncenter kt-block-spacer-430_81c708-1d\"><div class=\"kt-block-spacer kt-block-spacer-halign-center\"><hr class=\"kt-divider\"\/><\/div><\/div>\n\n\n<style>.wp-block-kadence-advancedheading.kt-adv-heading430_f1f625-8d, .wp-block-kadence-advancedheading.kt-adv-heading430_f1f625-8d[data-kb-block=\"kb-adv-heading430_f1f625-8d\"]{padding-bottom:20px;text-align:center;font-size:25px;line-height:28px;font-style:normal;}.wp-block-kadence-advancedheading.kt-adv-heading430_f1f625-8d mark.kt-highlight, .wp-block-kadence-advancedheading.kt-adv-heading430_f1f625-8d[data-kb-block=\"kb-adv-heading430_f1f625-8d\"] mark.kt-highlight{font-style:normal;color:#f76a0c;-webkit-box-decoration-break:clone;box-decoration-break:clone;padding-top:0px;padding-right:0px;padding-bottom:0px;padding-left:0px;}.wp-block-kadence-advancedheading.kt-adv-heading430_f1f625-8d img.kb-inline-image, .wp-block-kadence-advancedheading.kt-adv-heading430_f1f625-8d[data-kb-block=\"kb-adv-heading430_f1f625-8d\"] img.kb-inline-image{width:150px;vertical-align:baseline;}@media all and (max-width: 767px){.wp-block-kadence-advancedheading.kt-adv-heading430_f1f625-8d, .wp-block-kadence-advancedheading.kt-adv-heading430_f1f625-8d[data-kb-block=\"kb-adv-heading430_f1f625-8d\"]{font-size:18px;line-height:19px;}}<\/style>\n<h2 class=\"kt-adv-heading430_f1f625-8d wp-block-kadence-advancedheading\" data-kb-block=\"kb-adv-heading430_f1f625-8d\">Je suis \u00e0 la recherche de partenaires<br\/>si vous voulez en savoir plus<\/h2>\n\n\n<style>.wp-block-kadence-advancedbtn.kb-btns430_36b7c0-7d{gap:var(--global-kb-gap-xs, 0.5rem );justify-content:center;align-items:center;}.kt-btns430_36b7c0-7d .kt-button{font-weight:normal;font-style:normal;}<\/style>\n<div class=\"wp-block-kadence-advancedbtn kb-buttons-wrap kb-btns430_36b7c0-7d\"><style>ul.menu .wp-block-kadence-advancedbtn .kb-btn430_e59a03-bc.kb-button{width:initial;}.wp-block-kadence-advancedbtn .kb-btn430_e59a03-bc.kb-button{color:var(--global-palette9, #ffffff);background:var(--global-palette2, #2B6CB0) !important;font-size:nonepx;border-top-left-radius:12px;border-top-right-radius:12px;border-bottom-right-radius:12px;border-bottom-left-radius:12px;border-top-color:#f44708;border-top-style:solid;border-right-color:#f44708;border-right-style:solid;border-bottom-color:#f44708;border-bottom-style:solid;border-left-color:#f44708;border-left-style:solid;box-shadow:1px 1px 2px 0px rgba(0, 0, 0, 0.2);}.wp-block-kadence-advancedbtn .kb-btn430_e59a03-bc.kb-button:hover, .wp-block-kadence-advancedbtn .kb-btn430_e59a03-bc.kb-button:focus{color:var(--global-palette9, #ffffff);border-top-color:#f44708;border-top-style:solid;border-right-color:#f44708;border-right-style:solid;border-bottom-color:#f44708;border-bottom-style:solid;border-left-color:#f44708;border-left-style:solid;}.kb-btn430_e59a03-bc.kb-button::before{background:linear-gradient(77deg, var(--global-palette2) 31%, var(--global-palette8) 79%);-webkit-transition:opacity .3s ease-in-out;-moz-transition:opacity .3s ease-in-out;transition:opacity .3s ease-in-out;}@media all and (max-width: 1024px){.wp-block-kadence-advancedbtn .kb-btn430_e59a03-bc.kb-button{border-top-color:#f44708;border-top-style:solid;border-right-color:#f44708;border-right-style:solid;border-bottom-color:#f44708;border-bottom-style:solid;border-left-color:#f44708;border-left-style:solid;}}@media all and (max-width: 1024px){.wp-block-kadence-advancedbtn .kb-btn430_e59a03-bc.kb-button:hover, .wp-block-kadence-advancedbtn .kb-btn430_e59a03-bc.kb-button:focus{border-top-color:#f44708;border-top-style:solid;border-right-color:#f44708;border-right-style:solid;border-bottom-color:#f44708;border-bottom-style:solid;border-left-color:#f44708;border-left-style:solid;}}@media all and (max-width: 767px){.wp-block-kadence-advancedbtn .kb-btn430_e59a03-bc.kb-button{border-top-color:#f44708;border-top-style:solid;border-right-color:#f44708;border-right-style:solid;border-bottom-color:#f44708;border-bottom-style:solid;border-left-color:#f44708;border-left-style:solid;}.wp-block-kadence-advancedbtn .kb-btn430_e59a03-bc.kb-button:hover, .wp-block-kadence-advancedbtn .kb-btn430_e59a03-bc.kb-button:focus{border-top-color:#f44708;border-top-style:solid;border-right-color:#f44708;border-right-style:solid;border-bottom-color:#f44708;border-bottom-style:solid;border-left-color:#f44708;border-left-style:solid;}}<\/style><a class=\"kb-button kt-button button kb-btn430_e59a03-bc kt-btn-size-large kt-btn-width-type-auto kb-btn-global-outline  kt-btn-has-text-true kt-btn-has-svg-false  wp-block-kadence-singlebtn\" href=\"\/fr\/devenir-partenaire\/\"><span class=\"kt-btn-inner-text\">Cliquez ici<\/span><\/a><\/div>\n<\/div><\/div>\n\n\n<style>.kadence-column430_47213a-71 > .kt-inside-inner-col,.kadence-column430_47213a-71 > .kt-inside-inner-col:before{border-top-left-radius:0px;border-top-right-radius:0px;border-bottom-right-radius:0px;border-bottom-left-radius:0px;}.kadence-column430_47213a-71 > .kt-inside-inner-col{column-gap:var(--global-kb-gap-sm, 1rem);}.kadence-column430_47213a-71 > .kt-inside-inner-col{flex-direction:column;}.kadence-column430_47213a-71 > .kt-inside-inner-col > .aligncenter{width:100%;}.kadence-column430_47213a-71 > .kt-inside-inner-col:before{opacity:0.3;}.kadence-column430_47213a-71{position:relative;}@media all and (max-width: 1024px){.kadence-column430_47213a-71 > .kt-inside-inner-col{flex-direction:column;justify-content:center;}}@media all and (max-width: 767px){.kadence-column430_47213a-71 > .kt-inside-inner-col{flex-direction:column;justify-content:center;}}<\/style>\n<div class=\"wp-block-kadence-column kadence-column430_47213a-71 inner-column-2\"><div class=\"kt-inside-inner-col\"><style>.kb-advanced-slider-430_59368a-18 .kb-slider-pause-button{color:#fff;background-color:rgba(0, 0, 0, 0.8);border:1px solid transparent;}<\/style><div class=\"kb-advanced-slider kb-advanced-slider-430_59368a-18 wp-block-kadence-slider\"><div class=\"kb-advanced-slider-inner-contain kb-adv-slider-html-version-2\"><div class=\"kb-blocks-advanced-carousel kt-blocks-carousel kt-carousel-container-dotstyle-dark\"><div class=\"kb-blocks-advanced-slider-init kb-slider-loading kb-blocks-slider kt-carousel-arrowstyle-whiteondark kt-carousel-dotstyle-dark kb-slider-size-ratio kb-slider-type-slider kb-slider-ratio-2-3 kb-slider-group-arrow kb-slider-arrow-position-center kb-slider-tab-ratio-inherit kb-slider-mobile-ratio-inherit splide kb-splide  kb-slider-version-2\" aria-label=\"Slider content\" data-slider-center-mode=\"true\" data-slider-type=\"slider\" data-loop-type=\"loop\" data-columns-xxl=\"3\" data-columns-xl=\"3\" data-columns-md=\"3\" data-columns-sm=\"2\" data-columns-xs=\"1\" data-columns-ss=\"1\" data-slider-anim-speed=\"400\" data-slider-scroll=\"1\" data-slider-fade=\"true\" data-slider-arrows=\"true\" data-slider-dots=\"true\" data-slider-hover-pause=\"false\" data-slider-auto=\"true\"  data-dragging=\"true\" data-slider-speed=\"7000\" data-slider-gap=\"30\" data-slider-gap-tablet=\"30\" data-slider-gap-mobile=\"30\" data-slider-gap-unit=\"px\"><div class=\"splide__track\"><ul class=\"splide__list\">\n\n<div class=\"wp-block-kadence-slide kb-advanced-slide-item kb-slide-430_a24122-9d\"><div class=\"kb-advanced-slide\"><div class=\"kb-advanced-slide-inner-wrap\"><div class=\"kb-advanced-slide-inner\"><\/div><\/div><\/div><\/div>\n\n\n\n<div class=\"wp-block-kadence-slide kb-advanced-slide-item kb-slide-430_4763a7-59\"><div class=\"kb-advanced-slide\"><div class=\"kb-advanced-slide-inner-wrap\"><div class=\"kb-advanced-slide-inner\"><\/div><\/div><\/div><\/div>\n\n\n\n<div class=\"wp-block-kadence-slide kb-advanced-slide-item kb-slide-430_4e932c-e6\"><div class=\"kb-advanced-slide\"><div class=\"kb-advanced-slide-inner-wrap\"><div class=\"kb-advanced-slide-inner\"><\/div><\/div><\/div><\/div>\n\n<\/ul><\/div><\/div><\/div><\/div><\/div><\/div><\/div>\n\n<\/div><\/div>","protected":false},"excerpt":{"rendered":"<p>Biographie Je m&rsquo;appelle Malo Bolliet, j&rsquo;ai ans et je suis actuellement \u00e9tudiant \u00e0 l&rsquo;EM Lyon, une \u00e9cole de commerce prestigieuse. Originaire de la r\u00e9gion lyonnaise, je suis passionn\u00e9 par le&#8230;<\/p>\n","protected":false},"author":1,"featured_media":0,"parent":0,"menu_order":0,"comment_status":"closed","ping_status":"closed","template":"","meta":{"_acf_changed":false,"_kad_blocks_custom_css":"","_kad_blocks_head_custom_js":"","_kad_blocks_body_custom_js":"","_kad_blocks_footer_custom_js":"","_kadence_starter_templates_imported_post":false,"_kad_post_transparent":"","_kad_post_title":"","_kad_post_layout":"","_kad_post_sidebar_id":"","_kad_post_content_style":"","_kad_post_vertical_padding":"","_kad_post_feature":"","_kad_post_feature_position":"","_kad_post_header":false,"_kad_post_footer":false,"_kad_post_classname":"","footnotes":""},"class_list":["post-900","page","type-page","status-publish","hentry"],"acf":[],"taxonomy_info":[],"featured_image_src_large":false,"author_info":{"display_name":"flexadmin","author_link":"https:\/\/malobolliet.com\/fr\/author\/flexadmin\/"},"comment_info":0,"_links":{"self":[{"href":"https:\/\/malobolliet.com\/fr\/wp-json\/wp\/v2\/pages\/900","targetHints":{"allow":["GET"]}}],"collection":[{"href":"https:\/\/malobolliet.com\/fr\/wp-json\/wp\/v2\/pages"}],"about":[{"href":"https:\/\/malobolliet.com\/fr\/wp-json\/wp\/v2\/types\/page"}],"author":[{"embeddable":true,"href":"https:\/\/malobolliet.com\/fr\/wp-json\/wp\/v2\/users\/1"}],"replies":[{"embeddable":true,"href":"https:\/\/malobolliet.com\/fr\/wp-json\/wp\/v2\/comments?post=900"}],"version-history":[{"count":3,"href":"https:\/\/malobolliet.com\/fr\/wp-json\/wp\/v2\/pages\/900\/revisions"}],"predecessor-version":[{"id":1758,"href":"https:\/\/malobolliet.com\/fr\/wp-json\/wp\/v2\/pages\/900\/revisions\/1758"}],"wp:attachment":[{"href":"https:\/\/malobolliet.com\/fr\/wp-json\/wp\/v2\/media?parent=900"}],"curies":[{"name":"wp","href":"https:\/\/api.w.org\/{rel}","templated":true}]}}